{"id":2759,"date":"2024-12-19T22:45:00","date_gmt":"2024-12-19T22:45:00","guid":{"rendered":"https:\/\/sunquestestepona.es\/?page_id=2759"},"modified":"2025-01-09T10:19:13","modified_gmt":"2025-01-09T10:19:13","slug":"storytelling","status":"publish","type":"page","link":"https:\/\/sunquestestepona.es\/en\/storytelling\/","title":{"rendered":"Storytelling"},"content":{"rendered":"<div data-elementor-type=\"wp-page\" data-elementor-id=\"2759\" class=\"elementor elementor-2759\" data-elementor-post-type=\"page\">\n\t\t\t\t\t\t<section class=\"elementor-section elementor-top-section elementor-element elementor-element-078725b elementor-section-boxed elementor-section-height-default elementor-section-height-default\" data-id=\"078725b\" data-element_type=\"section\" data-settings=\"{&quot;jet_parallax_layout_list&quot;:[{&quot;jet_parallax_layout_image&quot;:{&quot;url&quot;:&quot;&quot;,&quot;id&quot;:&quot;&quot;,&quot;size&quot;:&quot;&quot;},&quot;_id&quot;:&quot;c669399&quot;,&quot;jet_parallax_layout_image_tablet&quot;:{&quot;url&quot;:&quot;&quot;,&quot;id&quot;:&quot;&quot;,&quot;size&quot;:&quot;&quot;},&quot;jet_parallax_layout_image_mobile&quot;:{&quot;url&quot;:&quot;&quot;,&quot;id&quot;:&quot;&quot;,&quot;size&quot;:&quot;&quot;},&quot;jet_parallax_layout_speed&quot;:{&quot;unit&quot;:&quot;%&quot;,&quot;size&quot;:50,&quot;sizes&quot;:[]},&quot;jet_parallax_layout_type&quot;:&quot;scroll&quot;,&quot;jet_parallax_layout_direction&quot;:null,&quot;jet_parallax_layout_fx_direction&quot;:null,&quot;jet_parallax_layout_z_index&quot;:&quot;&quot;,&quot;jet_parallax_layout_bg_x&quot;:50,&quot;jet_parallax_layout_bg_x_tablet&quot;:&quot;&quot;,&quot;jet_parallax_layout_bg_x_mobile&quot;:&quot;&quot;,&quot;jet_parallax_layout_bg_y&quot;:50,&quot;jet_parallax_layout_bg_y_tablet&quot;:&quot;&quot;,&quot;jet_parallax_layout_bg_y_mobile&quot;:&quot;&quot;,&quot;jet_parallax_layout_bg_size&quot;:&quot;auto&quot;,&quot;jet_parallax_layout_bg_size_tablet&quot;:&quot;&quot;,&quot;jet_parallax_layout_bg_size_mobile&quot;:&quot;&quot;,&quot;jet_parallax_layout_animation_prop&quot;:&quot;transform&quot;,&quot;jet_parallax_layout_on&quot;:[&quot;desktop&quot;,&quot;tablet&quot;]}],&quot;background_background&quot;:&quot;classic&quot;}\">\n\t\t\t\t\t\t\t<div class=\"elementor-background-overlay\"><\/div>\n\t\t\t\t\t\t\t<div class=\"elementor-container elementor-column-gap-default\">\n\t\t\t\t\t<div class=\"elementor-column elementor-col-100 elementor-top-column elementor-element elementor-element-8b942cb\" data-id=\"8b942cb\" data-element_type=\"column\">\n\t\t\t<div class=\"elementor-widget-wrap elementor-element-populated\">\n\t\t\t\t\t\t<div class=\"elementor-element elementor-element-47c1959 elementor-widget elementor-widget-heading\" data-id=\"47c1959\" data-element_type=\"widget\" data-widget_type=\"heading.default\">\n\t\t\t\t<div class=\"elementor-widget-container\">\n\t\t\t<h1 class=\"elementor-heading-title elementor-size-default\">Storytelling<\/h1>\t\t<\/div>\n\t\t\t\t<\/div>\n\t\t\t\t\t<\/div>\n\t\t<\/div>\n\t\t\t\t\t<\/div>\n\t\t<\/section>\n\t\t\t\t<section class=\"elementor-section elementor-top-section elementor-element elementor-element-aed71e1 elementor-section-boxed elementor-section-height-default elementor-section-height-default\" data-id=\"aed71e1\" data-element_type=\"section\" data-settings=\"{&quot;jet_parallax_layout_list&quot;:[{&quot;jet_parallax_layout_image&quot;:{&quot;url&quot;:&quot;&quot;,&quot;id&quot;:&quot;&quot;,&quot;size&quot;:&quot;&quot;},&quot;_id&quot;:&quot;05224c0&quot;,&quot;jet_parallax_layout_image_tablet&quot;:{&quot;url&quot;:&quot;&quot;,&quot;id&quot;:&quot;&quot;,&quot;size&quot;:&quot;&quot;},&quot;jet_parallax_layout_image_mobile&quot;:{&quot;url&quot;:&quot;&quot;,&quot;id&quot;:&quot;&quot;,&quot;size&quot;:&quot;&quot;},&quot;jet_parallax_layout_speed&quot;:{&quot;unit&quot;:&quot;%&quot;,&quot;size&quot;:50,&quot;sizes&quot;:[]},&quot;jet_parallax_layout_type&quot;:&quot;scroll&quot;,&quot;jet_parallax_layout_direction&quot;:null,&quot;jet_parallax_layout_fx_direction&quot;:null,&quot;jet_parallax_layout_z_index&quot;:&quot;&quot;,&quot;jet_parallax_layout_bg_x&quot;:50,&quot;jet_parallax_layout_bg_x_tablet&quot;:&quot;&quot;,&quot;jet_parallax_layout_bg_x_mobile&quot;:&quot;&quot;,&quot;jet_parallax_layout_bg_y&quot;:50,&quot;jet_parallax_layout_bg_y_tablet&quot;:&quot;&quot;,&quot;jet_parallax_layout_bg_y_mobile&quot;:&quot;&quot;,&quot;jet_parallax_layout_bg_size&quot;:&quot;auto&quot;,&quot;jet_parallax_layout_bg_size_tablet&quot;:&quot;&quot;,&quot;jet_parallax_layout_bg_size_mobile&quot;:&quot;&quot;,&quot;jet_parallax_layout_animation_prop&quot;:&quot;transform&quot;,&quot;jet_parallax_layout_on&quot;:[&quot;desktop&quot;,&quot;tablet&quot;]}],&quot;background_background&quot;:&quot;classic&quot;}\">\n\t\t\t\t\t\t<div class=\"elementor-container elementor-column-gap-default\">\n\t\t\t\t\t<div class=\"elementor-column elementor-col-100 elementor-top-column elementor-element elementor-element-2de6f09\" data-id=\"2de6f09\" data-element_type=\"column\">\n\t\t\t<div class=\"elementor-widget-wrap elementor-element-populated\">\n\t\t\t\t\t\t<div class=\"elementor-element elementor-element-6318f1c elementor-widget elementor-widget-spacer\" data-id=\"6318f1c\" data-element_type=\"widget\" data-widget_type=\"spacer.default\">\n\t\t\t\t<div class=\"elementor-widget-container\">\n\t\t\t\t\t<div class=\"elementor-spacer\">\n\t\t\t<div class=\"elementor-spacer-inner\"><\/div>\n\t\t<\/div>\n\t\t\t\t<\/div>\n\t\t\t\t<\/div>\n\t\t\t\t<div class=\"elementor-element elementor-element-eb29114 elementor-widget elementor-widget-heading\" data-id=\"eb29114\" data-element_type=\"widget\" data-widget_type=\"heading.default\">\n\t\t\t\t<div class=\"elementor-widget-container\">\n\t\t\t<h4 class=\"elementor-heading-title elementor-size-default\">In the heart of Estepona's old town, V\u00cdA PUEBLO is developing and transforming two wonderful spaces under a real estate and hotel concept to offer an experience as authentic as it is comfortable: SunQuest Hotels &amp; Residences.<\/h4>\t\t<\/div>\n\t\t\t\t<\/div>\n\t\t\t\t<div class=\"elementor-element elementor-element-230f455 elementor-widget elementor-widget-spacer\" data-id=\"230f455\" data-element_type=\"widget\" data-widget_type=\"spacer.default\">\n\t\t\t\t<div class=\"elementor-widget-container\">\n\t\t\t\t\t<div class=\"elementor-spacer\">\n\t\t\t<div class=\"elementor-spacer-inner\"><\/div>\n\t\t<\/div>\n\t\t\t\t<\/div>\n\t\t\t\t<\/div>\n\t\t\t\t\t<\/div>\n\t\t<\/div>\n\t\t\t\t\t<\/div>\n\t\t<\/section>\n\t\t\t\t<section class=\"elementor-section elementor-top-section elementor-element elementor-element-8d933d6 elementor-section-content-middle elementor-section-boxed elementor-section-height-default elementor-section-height-default\" data-id=\"8d933d6\" data-element_type=\"section\" data-settings=\"{&quot;jet_parallax_layout_list&quot;:[{&quot;jet_parallax_layout_image&quot;:{&quot;url&quot;:&quot;&quot;,&quot;id&quot;:&quot;&quot;,&quot;size&quot;:&quot;&quot;},&quot;_id&quot;:&quot;0011555&quot;,&quot;jet_parallax_layout_image_tablet&quot;:{&quot;url&quot;:&quot;&quot;,&quot;id&quot;:&quot;&quot;,&quot;size&quot;:&quot;&quot;},&quot;jet_parallax_layout_image_mobile&quot;:{&quot;url&quot;:&quot;&quot;,&quot;id&quot;:&quot;&quot;,&quot;size&quot;:&quot;&quot;},&quot;jet_parallax_layout_speed&quot;:{&quot;unit&quot;:&quot;%&quot;,&quot;size&quot;:50,&quot;sizes&quot;:[]},&quot;jet_parallax_layout_type&quot;:&quot;scroll&quot;,&quot;jet_parallax_layout_direction&quot;:null,&quot;jet_parallax_layout_fx_direction&quot;:null,&quot;jet_parallax_layout_z_index&quot;:&quot;&quot;,&quot;jet_parallax_layout_bg_x&quot;:50,&quot;jet_parallax_layout_bg_x_tablet&quot;:&quot;&quot;,&quot;jet_parallax_layout_bg_x_mobile&quot;:&quot;&quot;,&quot;jet_parallax_layout_bg_y&quot;:50,&quot;jet_parallax_layout_bg_y_tablet&quot;:&quot;&quot;,&quot;jet_parallax_layout_bg_y_mobile&quot;:&quot;&quot;,&quot;jet_parallax_layout_bg_size&quot;:&quot;auto&quot;,&quot;jet_parallax_layout_bg_size_tablet&quot;:&quot;&quot;,&quot;jet_parallax_layout_bg_size_mobile&quot;:&quot;&quot;,&quot;jet_parallax_layout_animation_prop&quot;:&quot;transform&quot;,&quot;jet_parallax_layout_on&quot;:[&quot;desktop&quot;,&quot;tablet&quot;]}],&quot;background_background&quot;:&quot;classic&quot;}\">\n\t\t\t\t\t\t<div class=\"elementor-container elementor-column-gap-default\">\n\t\t\t\t\t<div class=\"elementor-column elementor-col-50 elementor-top-column elementor-element elementor-element-635d9be\" data-id=\"635d9be\" data-element_type=\"column\">\n\t\t\t<div class=\"elementor-widget-wrap elementor-element-populated\">\n\t\t\t\t\t\t<div class=\"elementor-element elementor-element-a243149 elementor-widget__width-initial elementor-absolute elementor-widget-tablet__width-initial elementor-widget-mobile__width-initial elementor-widget elementor-widget-image\" data-id=\"a243149\" data-element_type=\"widget\" data-settings=\"{&quot;_position&quot;:&quot;absolute&quot;}\" data-widget_type=\"image.default\">\n\t\t\t\t<div class=\"elementor-widget-container\">\n\t\t\t\t\t\t\t\t\t\t\t\t\t<img fetchpriority=\"high\" decoding=\"async\" width=\"840\" height=\"790\" src=\"https:\/\/sunquestestepona.es\/wp-content\/uploads\/2024\/12\/estepona-historia.jpg\" class=\"attachment-full size-full wp-image-2578\" alt=\"\" srcset=\"https:\/\/sunquestestepona.es\/wp-content\/uploads\/2024\/12\/estepona-historia.jpg 840w, https:\/\/sunquestestepona.es\/wp-content\/uploads\/2024\/12\/estepona-historia-300x282.jpg 300w, https:\/\/sunquestestepona.es\/wp-content\/uploads\/2024\/12\/estepona-historia-768x722.jpg 768w\" sizes=\"(max-width: 840px) 100vw, 840px\" \/>\t\t\t\t\t\t\t\t\t\t\t\t\t<\/div>\n\t\t\t\t<\/div>\n\t\t\t\t\t<\/div>\n\t\t<\/div>\n\t\t\t\t<div class=\"elementor-column elementor-col-50 elementor-top-column elementor-element elementor-element-5b0b5f3\" data-id=\"5b0b5f3\" data-element_type=\"column\">\n\t\t\t<div class=\"elementor-widget-wrap elementor-element-populated\">\n\t\t\t\t\t\t<section class=\"elementor-section elementor-inner-section elementor-element elementor-element-beac2e8 elementor-section-boxed elementor-section-height-default elementor-section-height-default\" data-id=\"beac2e8\" data-element_type=\"section\" data-settings=\"{&quot;jet_parallax_layout_list&quot;:[{&quot;jet_parallax_layout_image&quot;:{&quot;url&quot;:&quot;&quot;,&quot;id&quot;:&quot;&quot;,&quot;size&quot;:&quot;&quot;},&quot;_id&quot;:&quot;c91cb87&quot;,&quot;jet_parallax_layout_image_tablet&quot;:{&quot;url&quot;:&quot;&quot;,&quot;id&quot;:&quot;&quot;,&quot;size&quot;:&quot;&quot;},&quot;jet_parallax_layout_image_mobile&quot;:{&quot;url&quot;:&quot;&quot;,&quot;id&quot;:&quot;&quot;,&quot;size&quot;:&quot;&quot;},&quot;jet_parallax_layout_speed&quot;:{&quot;unit&quot;:&quot;%&quot;,&quot;size&quot;:50,&quot;sizes&quot;:[]},&quot;jet_parallax_layout_type&quot;:&quot;scroll&quot;,&quot;jet_parallax_layout_direction&quot;:null,&quot;jet_parallax_layout_fx_direction&quot;:null,&quot;jet_parallax_layout_z_index&quot;:&quot;&quot;,&quot;jet_parallax_layout_bg_x&quot;:50,&quot;jet_parallax_layout_bg_x_tablet&quot;:&quot;&quot;,&quot;jet_parallax_layout_bg_x_mobile&quot;:&quot;&quot;,&quot;jet_parallax_layout_bg_y&quot;:50,&quot;jet_parallax_layout_bg_y_tablet&quot;:&quot;&quot;,&quot;jet_parallax_layout_bg_y_mobile&quot;:&quot;&quot;,&quot;jet_parallax_layout_bg_size&quot;:&quot;auto&quot;,&quot;jet_parallax_layout_bg_size_tablet&quot;:&quot;&quot;,&quot;jet_parallax_layout_bg_size_mobile&quot;:&quot;&quot;,&quot;jet_parallax_layout_animation_prop&quot;:&quot;transform&quot;,&quot;jet_parallax_layout_on&quot;:[&quot;desktop&quot;,&quot;tablet&quot;]}]}\">\n\t\t\t\t\t\t<div class=\"elementor-container elementor-column-gap-default\">\n\t\t\t\t\t<div class=\"elementor-column elementor-col-100 elementor-inner-column elementor-element elementor-element-eaf47e1\" data-id=\"eaf47e1\" data-element_type=\"column\" data-settings=\"{&quot;background_background&quot;:&quot;classic&quot;}\">\n\t\t\t<div class=\"elementor-widget-wrap elementor-element-populated\">\n\t\t\t\t\t\t<div class=\"elementor-element elementor-element-21de494 elementor-widget elementor-widget-spacer\" data-id=\"21de494\" data-element_type=\"widget\" data-widget_type=\"spacer.default\">\n\t\t\t\t<div class=\"elementor-widget-container\">\n\t\t\t\t\t<div class=\"elementor-spacer\">\n\t\t\t<div class=\"elementor-spacer-inner\"><\/div>\n\t\t<\/div>\n\t\t\t\t<\/div>\n\t\t\t\t<\/div>\n\t\t\t\t<div class=\"elementor-element elementor-element-517d883 elementor-widget elementor-widget-text-editor\" data-id=\"517d883\" data-element_type=\"widget\" data-widget_type=\"text-editor.default\">\n\t\t\t\t<div class=\"elementor-widget-container\">\n\t\t\t\t\t\t\t<p>Financed by QuanticaCapital, this venture is designed for visitors to be locals and enjoy the true Andalusian spirit, the sea, and the city, in a relaxed environment with attention to every detail.<\/p><p>Overlooking the sea or the city, SunQuest is an experiential proposal for those seeking the good weather and sun of the Andalusian coast. It combines simplicity, warmth, and modernity in the design of its rooms, ideal for enjoying quality time with family, couples, or friends.<\/p><p>Estepona, located in the province of Malaga, on the Costa del Sol, invites you to get lost in the tranquility of its streets and the rhythm of its people, absorbing the aesthetics of the place between balconies and flowers that stand out against the white of the Spanish architecture. This sunny setting naturally combines city, beach and mountains, attracting visitors from all over the world.<\/p><p>With a unique and personal style, SunQuest reflects the energy of the sun connecting with people, nature and culture, creating a path towards personal connection. A proposal to live transforming experiences that motivate you to return again and again.<\/p>\t\t\t\t\t\t<\/div>\n\t\t\t\t<\/div>\n\t\t\t\t\t<\/div>\n\t\t<\/div>\n\t\t\t\t\t<\/div>\n\t\t<\/section>\n\t\t\t\t\t<\/div>\n\t\t<\/div>\n\t\t\t\t\t<\/div>\n\t\t<\/section>\n\t\t\t\t<\/div>","protected":false},"excerpt":{"rendered":"<p>Storytelling En el coraz\u00f3n del casco antiguo de Estepona, V\u00cdA PUEBLO lleva adelante la puesta en valor y transformaci\u00f3n de dos maravillosos espacios bajo un concepto inmobiliario y hotelero para ofrecer una experiencia tan aut\u00e9ntica como confortable: los hoteles &amp; residencias SunQuest. Financiado por QuanticaCapital este emprendimiento est\u00e1 dise\u00f1ado para que los visitantes se sean [&hellip;]<\/p>","protected":false},"author":1,"featured_media":0,"parent":0,"menu_order":0,"comment_status":"closed","ping_status":"closed","template":"elementor_header_footer","meta":{"_jet_sm_ready_style":"","_jet_sm_style":"","_jet_sm_controls_values":"","_jet_sm_fonts_collection":"","_jet_sm_fonts_links":"","footnotes":""},"class_list":["post-2759","page","type-page","status-publish","hentry"],"yoast_head":"<!-- This site is optimized with the Yoast SEO plugin v24.0 - https:\/\/yoast.com\/wordpress\/plugins\/seo\/ -->\n<title>Storytelling - SUNQUEST<\/title>\n<meta name=\"robots\" content=\"index, follow, max-snippet:-1, max-image-preview:large, max-video-preview:-1\" \/>\n<link rel=\"canonical\" href=\"https:\/\/sunquestestepona.es\/en\/storytelling\/\" \/>\n<meta property=\"og:locale\" content=\"en_US\" \/>\n<meta property=\"og:type\" content=\"article\" \/>\n<meta property=\"og:title\" content=\"Storytelling - SUNQUEST\" \/>\n<meta property=\"og:description\" content=\"Storytelling En el coraz\u00f3n del casco antiguo de Estepona, V\u00cdA PUEBLO lleva adelante la puesta en valor y transformaci\u00f3n de dos maravillosos espacios bajo un concepto inmobiliario y hotelero para ofrecer una experiencia tan aut\u00e9ntica como confortable: los hoteles &amp; residencias SunQuest. Financiado por QuanticaCapital este emprendimiento est\u00e1 dise\u00f1ado para que los visitantes se sean [&hellip;]\" \/>\n<meta property=\"og:url\" content=\"https:\/\/sunquestestepona.es\/en\/storytelling\/\" \/>\n<meta property=\"og:site_name\" content=\"SUNQUEST\" \/>\n<meta property=\"article:modified_time\" content=\"2025-01-09T10:19:13+00:00\" \/>\n<meta property=\"og:image\" content=\"https:\/\/sunquestestepona.es\/wp-content\/uploads\/2024\/12\/estepona-historia.jpg\" \/>\n\t<meta property=\"og:image:width\" content=\"840\" \/>\n\t<meta property=\"og:image:height\" content=\"790\" \/>\n\t<meta property=\"og:image:type\" content=\"image\/jpeg\" \/>\n<meta name=\"twitter:card\" content=\"summary_large_image\" \/>\n<meta name=\"twitter:label1\" content=\"Est. reading time\" \/>\n\t<meta name=\"twitter:data1\" content=\"2 minutes\" \/>\n<script type=\"application\/ld+json\" class=\"yoast-schema-graph\">{\"@context\":\"https:\/\/schema.org\",\"@graph\":[{\"@type\":\"WebPage\",\"@id\":\"https:\/\/sunquestestepona.es\/storytelling\/\",\"url\":\"https:\/\/sunquestestepona.es\/storytelling\/\",\"name\":\"Storytelling - SUNQUEST\",\"isPartOf\":{\"@id\":\"https:\/\/sunquestestepona.es\/#website\"},\"primaryImageOfPage\":{\"@id\":\"https:\/\/sunquestestepona.es\/storytelling\/#primaryimage\"},\"image\":{\"@id\":\"https:\/\/sunquestestepona.es\/storytelling\/#primaryimage\"},\"thumbnailUrl\":\"https:\/\/sunquestestepona.es\/wp-content\/uploads\/2024\/12\/estepona-historia.jpg\",\"datePublished\":\"2024-12-19T22:45:00+00:00\",\"dateModified\":\"2025-01-09T10:19:13+00:00\",\"breadcrumb\":{\"@id\":\"https:\/\/sunquestestepona.es\/storytelling\/#breadcrumb\"},\"inLanguage\":\"en-US\",\"potentialAction\":[{\"@type\":\"ReadAction\",\"target\":[\"https:\/\/sunquestestepona.es\/storytelling\/\"]}]},{\"@type\":\"ImageObject\",\"inLanguage\":\"en-US\",\"@id\":\"https:\/\/sunquestestepona.es\/storytelling\/#primaryimage\",\"url\":\"https:\/\/sunquestestepona.es\/wp-content\/uploads\/2024\/12\/estepona-historia.jpg\",\"contentUrl\":\"https:\/\/sunquestestepona.es\/wp-content\/uploads\/2024\/12\/estepona-historia.jpg\"},{\"@type\":\"BreadcrumbList\",\"@id\":\"https:\/\/sunquestestepona.es\/storytelling\/#breadcrumb\",\"itemListElement\":[{\"@type\":\"ListItem\",\"position\":1,\"name\":\"Portada\",\"item\":\"https:\/\/sunquestestepona.es\/\"},{\"@type\":\"ListItem\",\"position\":2,\"name\":\"Storytelling\"}]},{\"@type\":\"WebSite\",\"@id\":\"https:\/\/sunquestestepona.es\/#website\",\"url\":\"https:\/\/sunquestestepona.es\/\",\"name\":\"SUNQUEST\",\"description\":\"Hotel en Estepona\",\"publisher\":{\"@id\":\"https:\/\/sunquestestepona.es\/#organization\"},\"potentialAction\":[{\"@type\":\"SearchAction\",\"target\":{\"@type\":\"EntryPoint\",\"urlTemplate\":\"https:\/\/sunquestestepona.es\/?s={search_term_string}\"},\"query-input\":{\"@type\":\"PropertyValueSpecification\",\"valueRequired\":true,\"valueName\":\"search_term_string\"}}],\"inLanguage\":\"en-US\"},{\"@type\":\"Organization\",\"@id\":\"https:\/\/sunquestestepona.es\/#organization\",\"name\":\"SUNQUEST\",\"url\":\"https:\/\/sunquestestepona.es\/\",\"logo\":{\"@type\":\"ImageObject\",\"inLanguage\":\"en-US\",\"@id\":\"https:\/\/sunquestestepona.es\/#\/schema\/logo\/image\/\",\"url\":\"https:\/\/sunquestestepona.es\/wp-content\/uploads\/2024\/10\/cropped-sunquest_logo_white.png\",\"contentUrl\":\"https:\/\/sunquestestepona.es\/wp-content\/uploads\/2024\/10\/cropped-sunquest_logo_white.png\",\"width\":1032,\"height\":242,\"caption\":\"SUNQUEST\"},\"image\":{\"@id\":\"https:\/\/sunquestestepona.es\/#\/schema\/logo\/image\/\"}}]}<\/script>\n<!-- \/ Yoast SEO plugin. -->","yoast_head_json":{"title":"Storytelling - SUNQUEST","robots":{"index":"index","follow":"follow","max-snippet":"max-snippet:-1","max-image-preview":"max-image-preview:large","max-video-preview":"max-video-preview:-1"},"canonical":"https:\/\/sunquestestepona.es\/en\/storytelling\/","og_locale":"en_US","og_type":"article","og_title":"Storytelling - SUNQUEST","og_description":"Storytelling En el coraz\u00f3n del casco antiguo de Estepona, V\u00cdA PUEBLO lleva adelante la puesta en valor y transformaci\u00f3n de dos maravillosos espacios bajo un concepto inmobiliario y hotelero para ofrecer una experiencia tan aut\u00e9ntica como confortable: los hoteles &amp; residencias SunQuest. Financiado por QuanticaCapital este emprendimiento est\u00e1 dise\u00f1ado para que los visitantes se sean [&hellip;]","og_url":"https:\/\/sunquestestepona.es\/en\/storytelling\/","og_site_name":"SUNQUEST","article_modified_time":"2025-01-09T10:19:13+00:00","og_image":[{"width":840,"height":790,"url":"https:\/\/sunquestestepona.es\/wp-content\/uploads\/2024\/12\/estepona-historia.jpg","type":"image\/jpeg"}],"twitter_card":"summary_large_image","twitter_misc":{"Est. reading time":"2 minutes"},"schema":{"@context":"https:\/\/schema.org","@graph":[{"@type":"WebPage","@id":"https:\/\/sunquestestepona.es\/storytelling\/","url":"https:\/\/sunquestestepona.es\/storytelling\/","name":"Storytelling - SUNQUEST","isPartOf":{"@id":"https:\/\/sunquestestepona.es\/#website"},"primaryImageOfPage":{"@id":"https:\/\/sunquestestepona.es\/storytelling\/#primaryimage"},"image":{"@id":"https:\/\/sunquestestepona.es\/storytelling\/#primaryimage"},"thumbnailUrl":"https:\/\/sunquestestepona.es\/wp-content\/uploads\/2024\/12\/estepona-historia.jpg","datePublished":"2024-12-19T22:45:00+00:00","dateModified":"2025-01-09T10:19:13+00:00","breadcrumb":{"@id":"https:\/\/sunquestestepona.es\/storytelling\/#breadcrumb"},"inLanguage":"en-US","potentialAction":[{"@type":"ReadAction","target":["https:\/\/sunquestestepona.es\/storytelling\/"]}]},{"@type":"ImageObject","inLanguage":"en-US","@id":"https:\/\/sunquestestepona.es\/storytelling\/#primaryimage","url":"https:\/\/sunquestestepona.es\/wp-content\/uploads\/2024\/12\/estepona-historia.jpg","contentUrl":"https:\/\/sunquestestepona.es\/wp-content\/uploads\/2024\/12\/estepona-historia.jpg"},{"@type":"BreadcrumbList","@id":"https:\/\/sunquestestepona.es\/storytelling\/#breadcrumb","itemListElement":[{"@type":"ListItem","position":1,"name":"Portada","item":"https:\/\/sunquestestepona.es\/"},{"@type":"ListItem","position":2,"name":"Storytelling"}]},{"@type":"WebSite","@id":"https:\/\/sunquestestepona.es\/#website","url":"https:\/\/sunquestestepona.es\/","name":"SUNQUEST","description":"Hotel en Estepona","publisher":{"@id":"https:\/\/sunquestestepona.es\/#organization"},"potentialAction":[{"@type":"SearchAction","target":{"@type":"EntryPoint","urlTemplate":"https:\/\/sunquestestepona.es\/?s={search_term_string}"},"query-input":{"@type":"PropertyValueSpecification","valueRequired":true,"valueName":"search_term_string"}}],"inLanguage":"en-US"},{"@type":"Organization","@id":"https:\/\/sunquestestepona.es\/#organization","name":"SUNQUEST","url":"https:\/\/sunquestestepona.es\/","logo":{"@type":"ImageObject","inLanguage":"en-US","@id":"https:\/\/sunquestestepona.es\/#\/schema\/logo\/image\/","url":"https:\/\/sunquestestepona.es\/wp-content\/uploads\/2024\/10\/cropped-sunquest_logo_white.png","contentUrl":"https:\/\/sunquestestepona.es\/wp-content\/uploads\/2024\/10\/cropped-sunquest_logo_white.png","width":1032,"height":242,"caption":"SUNQUEST"},"image":{"@id":"https:\/\/sunquestestepona.es\/#\/schema\/logo\/image\/"}}]}},"_links":{"self":[{"href":"https:\/\/sunquestestepona.es\/en\/wp-json\/wp\/v2\/pages\/2759","targetHints":{"allow":["GET"]}}],"collection":[{"href":"https:\/\/sunquestestepona.es\/en\/wp-json\/wp\/v2\/pages"}],"about":[{"href":"https:\/\/sunquestestepona.es\/en\/wp-json\/wp\/v2\/types\/page"}],"author":[{"embeddable":true,"href":"https:\/\/sunquestestepona.es\/en\/wp-json\/wp\/v2\/users\/1"}],"replies":[{"embeddable":true,"href":"https:\/\/sunquestestepona.es\/en\/wp-json\/wp\/v2\/comments?post=2759"}],"version-history":[{"count":5,"href":"https:\/\/sunquestestepona.es\/en\/wp-json\/wp\/v2\/pages\/2759\/revisions"}],"predecessor-version":[{"id":2923,"href":"https:\/\/sunquestestepona.es\/en\/wp-json\/wp\/v2\/pages\/2759\/revisions\/2923"}],"wp:attachment":[{"href":"https:\/\/sunquestestepona.es\/en\/wp-json\/wp\/v2\/media?parent=2759"}],"curies":[{"name":"wp","href":"https:\/\/api.w.org\/{rel}","templated":true}]}}